{"id":964,"date":"2021-02-10T02:33:27","date_gmt":"2021-02-10T02:33:27","guid":{"rendered":"https:\/\/totalviax.com\/totalviax\/"},"modified":"2022-02-21T16:54:09","modified_gmt":"2022-02-21T16:54:09","slug":"totalviax","status":"publish","type":"page","link":"https:\/\/totalviax.com\/en\/totalviax\/","title":{"rendered":"TOTALVIAX"},"content":{"rendered":"<p>[vc_row wrap_container=&#8221;yes&#8221; el_class=&#8221;pt-3 mt-4&#8243;][vc_column][vc_custom_heading text=&#8221;Supported by more than 18 years of experience and a team focused on offering cost-effective solutions.&#8221; font_container=&#8221;tag:h2|font_size:35px|text_align:left|line_height:1.3&#8243; use_theme_fonts=&#8221;yes&#8221; letter_spacing=&#8221;-1.75px&#8221; animation_delay=&#8221;250&#8243; el_class=&#8221;text-transform-none font-weight-semibold mb-4 mb-lg-3 mb-xl-4&#8243; animation_type=&#8221;fadeInUp&#8221;][vc_custom_heading text=&#8221;We are a freight forwarder, an international logistic operator providing services for air, ocean and land transportation, custom brokerage, dangerous cargo handling, Project Cargo, documentation and logistics in general from any point of origin to any place of destination in the world.&#8221; font_container=&#8221;tag:p|font_size:15.4px|text_align:left&#8221; use_theme_fonts=&#8221;yes&#8221; animation_delay=&#8221;500&#8243; animation_type=&#8221;fadeInUp&#8221;][vc_custom_heading text=&#8221;To achieve this, we rely on a highly qualified teamwork willing to show what they are capable of, as well as the largest and most comprehensive network of logistic agents worldwide.&#8221; font_container=&#8221;tag:p|text_align:left&#8221; use_theme_fonts=&#8221;yes&#8221; animation_delay=&#8221;750&#8243; animation_type=&#8221;fadeInUp&#8221; el_class=&#8221;m-b-lg pb-2&#8243;][vc_custom_heading text=&#8221;Our head office is located in Caracas, with 8 more offices in the most important ports and airports of Venezuela.&#8221; font_container=&#8221;tag:p|text_align:left&#8221; use_theme_fonts=&#8221;yes&#8221; animation_delay=&#8221;750&#8243; animation_type=&#8221;fadeInUp&#8221; el_class=&#8221;m-b-lg pb-2&#8243;][vc_custom_heading text=&#8221;We know how to handle the particularities of our ports and customs, as well as the complex and dynamic world of international trade which allow us to provide fast and effective solutions and communication. The world of solutions you need to handle your cargo to Venezuela and the world.&#8221; font_container=&#8221;tag:p|text_align:left&#8221; use_theme_fonts=&#8221;yes&#8221; animation_delay=&#8221;750&#8243; animation_type=&#8221;fadeInUp&#8221; el_class=&#8221;m-b-lg pb-2&#8243;][\/vc_column][\/vc_row][vc_row gap=&#8221;20&#8243; content_placement=&#8221;middle&#8221; wrap_container=&#8221;yes&#8221; el_class=&#8221;m-b-lg pb-2&#8243;][vc_column offset=&#8221;vc_col-lg-7 vc_col-md-6&#8243;][vc_row_inner content_placement=&#8221;middle&#8221; el_class=&#8221;custom-gutter-sm&#8221;][vc_column_inner el_class=&#8221;col-auto&#8221; width=&#8221;1\/2&#8243; animation_delay=&#8221;1000&#8243; offset=&#8221;vc_col-xs-12&#8243; animation_type=&#8221;fadeInLeft&#8221;]<div class=\"porto-sicon-box mb-0 custom-info-style  wpb_custom_860683fe6d5975d7b2cff563f7366f5c style_1 default-icon\"><div class=\"porto-sicon-default\"><div class=\"porto-just-icon-wrapper porto-sicon-img  porto-icon-9f5d1cfb45d27d96b50bf473aebba227\" style=\"font-size: 63px;margin-right:16px;\"><img loading=\"lazy\" decoding=\"async\" class=\"img-icon\" alt=\"icon\" src=\"https:\/\/totalviax.com\/wp-content\/uploads\/2021\/02\/p-icon.jpg\" width=\"63\" height=\"63\" \/><\/div><\/div><div class=\"porto-sicon-header\"><h3 class=\"porto-sicon-title\" style=\"font-weight:700;font-size:38.5px;color:#212529;line-height:26px;letter-spacing:0;margin-bottom:0px;\">240+<\/h3><p style=\"font-weight:700;font-size:14px;line-height:26px;color:#212529;\">Satisfied customers<\/p><\/div> <!-- header --><\/div><!-- porto-sicon-box -->[\/vc_column_inner][vc_column_inner el_class=&#8221;p-l-sm p-r-sm&#8221; width=&#8221;1\/2&#8243; animation_delay=&#8221;1200&#8243; offset=&#8221;vc_col-xs-12&#8243; animation_type=&#8221;fadeInLeft&#8221;][vc_custom_heading text=&#8221;Both national and international&#8221; font_container=&#8221;tag:p|text_align:left&#8221; use_theme_fonts=&#8221;yes&#8221; el_class=&#8221;mb-0&#8243; css=&#8221;.vc_custom_1645462181083{border-left-width: 12px !important;padding-top: 4px !important;padding-right: 16px !important;padding-bottom: 8px !important;padding-left: 16px !important;border-left-color: #f3f3f3 !important;border-left-style: solid !important;}&#8221;][\/vc_column_inner][\/vc_row_inner][\/vc_column][vc_column offset=&#8221;vc_col-lg-5 vc_col-md-6&#8243; el_class=&#8221;custom-gutter-sm&#8221;][vc_btn title=&#8221;Services &#8221; skin=&#8221;primary&#8221; btn_fs=&#8221;0.9625rem&#8221; btn_fw=&#8221;600&#8243; btn_ls=&#8221;0&#8243; animation_delay=&#8221;1400&#8243; link=&#8221;url:http%3A%2F%2Ftotalviax.com%2Fen%2Fservicios%2F|title:Services%20of%20TOTALVIAX&#8221; el_class=&#8221;custom-btn-style-1 custom-btn-primary mb-0 col-auto&#8221; btn_px=&#8221;20px&#8221; btn_py=&#8221;12px&#8221; animation_type=&#8221;fadeInLeft&#8221;][vc_btn title=&#8221;Contact Us&#8221; skin=&#8221;dark&#8221; btn_fs=&#8221;0.9625rem&#8221; btn_fw=&#8221;600&#8243; btn_ls=&#8221;0&#8243; animation_delay=&#8221;1600&#8243; link=&#8221;url:http%3A%2F%2Ftotalviax.com%2Fen%2Fcontactos%2F|title:Contact%20us&#8221; el_class=&#8221;custom-btn-style-1 mb-0 col-auto&#8221; btn_px=&#8221;20px&#8221; btn_py=&#8221;12px&#8221; animation_type=&#8221;fadeInLeft&#8221;]<a aria-label=\"+58 424 177 37 87\" class=\"porto-sicon-box-link\" href=\"tel:+584241773787\"><div class=\"porto-sicon-box col-auto mb-0 text-color-hover-primary mt-4 mt-sm-0  wpb_custom_860683fe6d5975d7b2cff563f7366f5c style_1 default-icon\" data-appear-animation=\"fadeInLeft\" data-appear-animation-delay=\"1800\"><div class=\"porto-sicon-default\"><div class=\"porto-just-icon-wrapper porto-icon none\" style=\"color:#212529;font-size:25px;margin-right:8px;\"><i class=\"porto-icon-phone-call\"><\/i><\/div><\/div><div class=\"porto-sicon-header\"><h3 class=\"porto-sicon-title\" style=\"font-weight:600;font-size:14px;color:#212529;letter-spacing:0;\">+58 424 177 37 87<\/h3><\/div> <!-- header --><\/div><!-- porto-sicon-box --><\/a>[\/vc_column][\/vc_row][vc_row gap=&#8221;20&#8243; wrap_container=&#8221;yes&#8221;][vc_column width=&#8221;1\/2&#8243; el_class=&#8221;mb-4 mb-sm-0 custom-height-1 custom-width-1&#8243; offset=&#8221;vc_col-xs-12&#8243;][vc_single_image image=&#8221;879&#8243; img_size=&#8221;full&#8221; el_class=&#8221;custom-box-shadow-1 mb-0&#8243;][\/vc_column][vc_column width=&#8221;1\/4&#8243; offset=&#8221;vc_col-xs-6&#8243; el_class=&#8221;custom-height-1 custom-width-1&#8243;][vc_single_image image=&#8221;881&#8243; img_size=&#8221;full&#8221; el_class=&#8221;custom-box-shadow-1 mb-0&#8243;][\/vc_column][vc_column width=&#8221;1\/4&#8243; offset=&#8221;vc_col-xs-6&#8243; el_class=&#8221;custom-width-1 custom-height-2 custom-height-1&#8243;][vc_single_image image=&#8221;883&#8243; img_size=&#8221;full&#8221; animation_delay=&#8221;200&#8243; el_class=&#8221;mb-4 custom-box-shadow-1&#8243; animation_type=&#8221;fadeInRight&#8221;][vc_single_image image=&#8221;885&#8243; img_size=&#8221;full&#8221; animation_delay=&#8221;200&#8243; animation_type=&#8221;fadeInRight&#8221; el_class=&#8221;custom-box-shadow-1 mb-0&#8243;][\/vc_column][\/vc_row][vc_row gap=&#8221;20&#8243; wrap_container=&#8221;yes&#8221;][vc_column width=&#8221;1\/4&#8243; el_class=&#8221;mb-4 mb-sm-0 custom-height-1 custom-width-1&#8243; offset=&#8221;vc_col-xs-12&#8243;][vc_single_image image=&#8221;887&#8243; img_size=&#8221;full&#8221; el_class=&#8221;custom-box-shadow-1 mb-0&#8243;][\/vc_column][vc_column width=&#8221;1\/4&#8243; offset=&#8221;vc_col-xs-6&#8243; el_class=&#8221;custom-height-1 custom-width-1&#8243;][vc_single_image image=&#8221;889&#8243; img_size=&#8221;full&#8221; el_class=&#8221;custom-box-shadow-1 mb-0&#8243;][\/vc_column][vc_column width=&#8221;1\/2&#8243; offset=&#8221;vc_col-xs-6&#8243; el_class=&#8221;custom-width-1 custom-height-2 custom-height-1&#8243;][vc_single_image image=&#8221;891&#8243; img_size=&#8221;full&#8221; animation_delay=&#8221;200&#8243; el_class=&#8221;mb-4 custom-box-shadow-1&#8243; animation_type=&#8221;fadeInRight&#8221;][\/vc_column][\/vc_row][vc_row disable_element=&#8221;yes&#8221; css=&#8221;.vc_custom_1643587884851{margin-top: 86px !important;margin-bottom: 36px !important;}&#8221;][vc_column]<div class=\"porto-carousel owl-carousel has-ccols ccols-xl-7 ccols-lg-5 ccols-md-3 ccols-sm-3 ccols-1 custom-carousel-1 carousel-center-active-item custom-dot-type-1 wpb_custom_c86c2fb53cae9eced42d4b8900a042f3\" data-plugin-options=\"{&quot;themeConfig&quot;:true,&quot;stagePadding&quot;:0,&quot;margin&quot;:0,&quot;autoplay&quot;:false,&quot;mouseDrag&quot;:true,&quot;touchDrag&quot;:true,&quot;autoplayTimeout&quot;:5000,&quot;autoplayHoverPause&quot;:false,&quot;items&quot;:7,&quot;xl&quot;:7,&quot;lg&quot;:5,&quot;md&quot;:3,&quot;sm&quot;:3,&quot;xs&quot;:1,&quot;nav&quot;:false,&quot;dots&quot;:&quot;yes&quot;,&quot;animateIn&quot;:&quot;fadeIn&quot;,&quot;animateOut&quot;:&quot;&quot;,&quot;loop&quot;:&quot;yes&quot;,&quot;center&quot;:&quot;yes&quot;,&quot;video&quot;:false,&quot;lazyLoad&quot;:false,&quot;fullscreen&quot;:false}\">[vc_single_image image=&#8221;131&#8243; img_size=&#8221;full&#8221; alignment=&#8221;center&#8221; el_class=&#8221;mw-90&#8243;][vc_single_image image=&#8221;130&#8243; img_size=&#8221;full&#8221; alignment=&#8221;center&#8221; el_class=&#8221;mw-140&#8243;][vc_single_image image=&#8221;129&#8243; img_size=&#8221;full&#8221; alignment=&#8221;center&#8221; el_class=&#8221;mw-100&#8243;][vc_single_image image=&#8221;128&#8243; img_size=&#8221;full&#8221; alignment=&#8221;center&#8221; el_class=&#8221;mw-100&#8243;][vc_single_image image=&#8221;127&#8243; img_size=&#8221;full&#8221; alignment=&#8221;center&#8221; el_class=&#8221;mw-100&#8243;][vc_single_image image=&#8221;126&#8243; img_size=&#8221;full&#8221; alignment=&#8221;center&#8221; el_class=&#8221;mw-140&#8243;][vc_single_image image=&#8221;125&#8243; img_size=&#8221;full&#8221; alignment=&#8221;center&#8221; el_class=&#8221;mw-100&#8243;][vc_single_image image=&#8221;124&#8243; img_size=&#8221;full&#8221; alignment=&#8221;center&#8221; el_class=&#8221;mw-90&#8243;]<\/div>[\/vc_column][\/vc_row][vc_row content_placement=&#8221;middle&#8221; disable_element=&#8221;yes&#8221; wrap_container=&#8221;yes&#8221; el_class=&#8221;position-relative overflow-hidden&#8221; css=&#8221;.vc_custom_1643587903856{padding-top: 10.4230769231rem !important;padding-bottom: 9.323077rem !important;background-color: #ededed !important;}&#8221;][vc_column offset=&#8221;vc_col-md-7&#8243;][vc_custom_heading text=&#8221;Habilidades que marcan una diferencia significativa para su negocio&#8221; font_container=&#8221;tag:h2|font_size:35px|text_align:left|line_height:1.3&#8243; use_theme_fonts=&#8221;yes&#8221; font_weight=&#8221;600&#8243; letter_spacing=&#8221;-0.05em&#8221; el_class=&#8221;mb-4&#8243;][vc_custom_heading text=&#8221;Conocemos y manejamos las particularidades de nuestros puertos y aduanas, as\u00ed como el complejo y cambiante esquema legal que rige nuestro comercio internacional, lo que nos permite ofrecer soluciones r\u00e1pidas y efectivas, as\u00ed como informaci\u00f3n precisa y oportuna.&#8221; font_container=&#8221;tag:p|font_size:15.4px|text_align:left&#8221; use_theme_fonts=&#8221;yes&#8221; el_class=&#8221;pb-3 mb-4&#8243;][vc_progress_bar values=&#8221;%5B%7B%22label%22%3A%22CAPACIDAD%20DE%20SOLUCI%C3%93N%22%2C%22value%22%3A%2295%22%7D%2C%7B%22label%22%3A%22VELOCIDAD%20DE%20RESPUESTA%22%2C%22value%22%3A%2290%22%7D%2C%7B%22label%22%3A%22SUSTENTABILIDAD%20EN%20EL%20TIEMPO%22%2C%22value%22%3A%2290%22%7D%5D&#8221; bgcolor=&#8221;custom&#8221; tooltip=&#8221;&#8221; size=&#8221;sm&#8221; units=&#8221;%&#8221; custombgcolor=&#8221;#f04c23&#8243; el_class=&#8221;mb-4&#8243;][\/vc_column][vc_column offset=&#8221;vc_col-md-5&#8243;][vc_single_image image=&#8221;452&#8243; img_size=&#8221;full&#8221; alignment=&#8221;center&#8221; el_class=&#8221;mb-0&#8243;][\/vc_column][vc_column el_class=&#8221;position-static&#8221;][vc_raw_html el_class=&#8221;shape-divider mb-0 h-123&#8243;]JTNDc3ZnJTIwdmVyc2lvbiUzRCUyMjEuMSUyMiUyMHhtbG5zJTNEJTIyaHR0cCUzQSUyRiUyRnd3dy53My5vcmclMkYyMDAwJTJGc3ZnJTIyJTIweG1sbnMlM0F4bGluayUzRCUyMmh0dHAlM0ElMkYlMkZ3d3cudzMub3JnJTJGMTk5OSUyRnhsaW5rJTIyJTIweCUzRCUyMjBweCUyMiUyMHklM0QlMjIwcHglMjIlMjB2aWV3Qm94JTNEJTIyMCUyMDAlMjAxOTIwJTIwMTIzJTIyJTIwcHJlc2VydmVBc3BlY3RSYXRpbyUzRCUyMm5vbmUlMjIlM0UlMEElMjAlMjAlMjAlMjAlM0Nwb2x5Z29uJTIwZmlsbCUzRCUyMiUyM0YzRjNGMyUyMiUyMHBvaW50cyUzRCUyMjAlMkM5MCUyMDIyMSUyQzYwJTIwNTYzJTJDODglMjA5MzElMkMzNSUyMDE0MDglMkM5MyUyMDE5MjAlMkM0MSUyMDE5MjAlMkMtMSUyMDAlMkMtMSUyMCUyMiUzRSUzQyUyRnBvbHlnb24lM0UlMEElMjAlMjAlMjAlMjAlM0Nwb2x5Z29uJTIwZmlsbCUzRCUyMiUyM0ZGRkZGRiUyMiUyMHBvaW50cyUzRCUyMjAlMkM3NSUyMDIxOSUyQzQ0JTIwNTYzJTJDNzIlMjA5MzAlMkMxOSUyMDE0MDglMkM3NyUyMDE5MjAlMkMyNSUyMDE5MjAlMkMtMSUyMDAlMkMtMSUyMCUyMiUzRSUzQyUyRnBvbHlnb24lM0UlMEElM0MlMkZzdmclM0U=[\/vc_raw_html][vc_raw_html el_class=&#8221;shape-divider shape-divider-bottom shape-divider-reverse h-123 mb-0&#8243;]JTNDc3ZnJTIwdmVyc2lvbiUzRCUyMjEuMSUyMiUyMHhtbG5zJTNEJTIyaHR0cCUzQSUyRiUyRnd3dy53My5vcmclMkYyMDAwJTJGc3ZnJTIyJTIweG1sbnMlM0F4bGluayUzRCUyMmh0dHAlM0ElMkYlMkZ3d3cudzMub3JnJTJGMTk5OSUyRnhsaW5rJTIyJTIweCUzRCUyMjBweCUyMiUyMHklM0QlMjIwcHglMjIlMjB2aWV3Qm94JTNEJTIyMCUyMDAlMjAxOTIwJTIwMTIzJTIyJTIwcHJlc2VydmVBc3BlY3RSYXRpbyUzRCUyMm5vbmUlMjIlM0UlMEElMjAlMjAlMjAlMjAlM0Nwb2x5Z29uJTIwZmlsbCUzRCUyMiUyM0YzRjNGMyUyMiUyMHBvaW50cyUzRCUyMjAlMkM5MCUyMDIyMSUyQzYwJTIwNTYzJTJDODglMjA5MzElMkMzNSUyMDE0MDglMkM5MyUyMDE5MjAlMkM0MSUyMDE5MjAlMkMtMSUyMDAlMkMtMSUyMCUyMiUzRSUzQyUyRnBvbHlnb24lM0UlMEElMjAlMjAlMjAlMjAlM0Nwb2x5Z29uJTIwZmlsbCUzRCUyMiUyM0ZGRkZGRiUyMiUyMHBvaW50cyUzRCUyMjAlMkM3NSUyMDIxOSUyQzQ0JTIwNTYzJTJDNzIlMjA5MzAlMkMxOSUyMDE0MDglMkM3NyUyMDE5MjAlMkMyNSUyMDE5MjAlMkMtMSUyMDAlMkMtMSUyMCUyMiUzRSUzQyUyRnBvbHlnb24lM0UlMEElM0MlMkZzdmclM0U=[\/vc_raw_html][\/vc_column][\/vc_row][vc_row wrap_container=&#8221;yes&#8221; el_class=&#8221;py-5 mb-5&#8243;][vc_column][vc_tabs position=&#8221;top-center&#8221; type=&#8221;tabs-simple&#8221; el_class=&#8221;custom-tab mb-0&#8243;][vc_tab title=&#8221;Vision&#8221; tab_id=&#8221;18415a4a-c3b2-2&#8243; label=&#8221;&#8221;][vc_custom_heading text=&#8221;We turn risks into opportunities. We offer the best logistics services and advices to secure our client\u2019s full satisfaction. Excellence, Trustability and confidence are important values on our daily lives.&#8221; font_container=&#8221;tag:p|font_size:15.4px|text_align:center&#8221; use_theme_fonts=&#8221;yes&#8221; el_class=&#8221;m-b-md&#8221;][\/vc_tab][vc_tab title=&#8221;Mission&#8221; tab_id=&#8221;1613658067791-2-1&#8243; label=&#8221;&#8221;][vc_custom_heading text=&#8221;Creating Solutions! Venezuela has its very own particularities when it comes to international commerce. Our local expertise is at your complete service to increase the efficiency of your operations.&#8221; font_container=&#8221;tag:p|font_size:15.4px|text_align:center&#8221; use_theme_fonts=&#8221;yes&#8221; el_class=&#8221;m-b-md&#8221;][\/vc_tab][vc_tab title=&#8221;Values&#8221; tab_id=&#8221;1643587911837-2-9&#8243; label=&#8221;&#8221;][vc_column_text]<\/p>\n<p style=\"text-align: center;\">Solving problem mindset<br \/>\nWith persistency, creativity and contacts we\u00b4ve been able to solve very complex and time critical shipments.<\/p>\n<p style=\"text-align: center;\">Fast Answers<br \/>\n\u201cTime in money\u201d We deeply know the importance of providing proper information in a timely manner as well as quick and efficient logistic procedures. Our answer will be there on time!<\/p>\n<p style=\"text-align: center;\">Professionalism<br \/>\nWe combine human and academic formation with the experience and know-how obtained during our more than 18 years in the Logistics and international commerce sector. We are solving oriented people!<\/p>\n<p style=\"text-align: center;\">Adaptability<br \/>\nPandemics, new regulations, lack of containers, port congestions, and a long etc, are common challenges in our daily activities that keep us being constantly creative and adaptable to provide you with any potential solution.<\/p>\n<p style=\"text-align: center;\">Ethics and Trustability<br \/>\nWe guide ourselves not only by the local legislation and common sense but also by an intense desire of doing business in the correct and proper manner, we respect our word and commitments.<\/p>\n<p>[\/vc_column_text][\/vc_tab][\/vc_tabs][\/vc_column][\/vc_row]<\/p>\n","protected":false},"excerpt":{"rendered":"<p>[vc_row wrap_container=&#8221;yes&#8221; el_class=&#8221;pt-3 mt-4&#8243;][vc_column][vc_custom_heading text=&#8221;Supported by more than 18 years of experience and a team focused on offering cost-effective solutions.&#8221; font_container=&#8221;tag:h2|font_size:35px|text_align:left|line_height:1.3&#8243; use_theme_fonts=&#8221;yes&#8221; letter_spacing=&#8221;-1.75px&#8221; animation_delay=&#8221;250&#8243; el_class=&#8221;text-transform-none font-weight-semibold mb-4 mb-lg-3 mb-xl-4&#8243; animation_type=&#8221;fadeInUp&#8221;][vc_custom_heading text=&#8221;We are a freight forwarder, an international logistic operator providing services for air, ocean and land transportation, custom brokerage, dangerous cargo handling, Project Cargo, documentation [&hellip;]<\/p>\n","protected":false},"author":2,"featured_media":0,"parent":0,"menu_order":0,"comment_status":"closed","ping_status":"closed","template":"","meta":{"_acf_changed":false,"content-type":"","footnotes":""},"class_list":["post-964","page","type-page","status-publish","hentry"],"acf":[],"_links":{"self":[{"href":"https:\/\/totalviax.com\/en\/wp-json\/wp\/v2\/pages\/964","targetHints":{"allow":["GET"]}}],"collection":[{"href":"https:\/\/totalviax.com\/en\/wp-json\/wp\/v2\/pages"}],"about":[{"href":"https:\/\/totalviax.com\/en\/wp-json\/wp\/v2\/types\/page"}],"author":[{"embeddable":true,"href":"https:\/\/totalviax.com\/en\/wp-json\/wp\/v2\/users\/2"}],"replies":[{"embeddable":true,"href":"https:\/\/totalviax.com\/en\/wp-json\/wp\/v2\/comments?post=964"}],"version-history":[{"count":2,"href":"https:\/\/totalviax.com\/en\/wp-json\/wp\/v2\/pages\/964\/revisions"}],"predecessor-version":[{"id":998,"href":"https:\/\/totalviax.com\/en\/wp-json\/wp\/v2\/pages\/964\/revisions\/998"}],"wp:attachment":[{"href":"https:\/\/totalviax.com\/en\/wp-json\/wp\/v2\/media?parent=964"}],"curies":[{"name":"wp","href":"https:\/\/api.w.org\/{rel}","templated":true}]}}